{"id":6,"date":"2025-06-22T14:17:28","date_gmt":"2025-06-22T14:17:28","guid":{"rendered":"https:\/\/evanolke.dk\/?page_id=6"},"modified":"2026-04-30T09:56:53","modified_gmt":"2026-04-30T09:56:53","slug":"eva-noelke","status":"publish","type":"page","link":"https:\/\/evanolke.dk\/","title":{"rendered":"Eva N\u00f8lke"},"content":{"rendered":"\n<div class=\"wp-block-group alignfull has-global-padding is-layout-constrained wp-block-group-is-layout-constrained\" style=\"margin-top:0;margin-bottom:0\">\n<div class=\"wp-block-columns alignfull is-layout-flex wp-container-core-columns-is-layout-9c22b1e3 wp-block-columns-is-layout-flex\">\n<div class=\"wp-block-column is-layout-flow wp-block-column-is-layout-flow\" style=\"flex-basis:55%\">\n<div style=\"aspect-ratio:1;min-height:unset;\" class=\"wp-block-cover is-light has-aspect-ratio\"><img loading=\"lazy\" decoding=\"async\" width=\"1024\" height=\"683\" class=\"wp-block-cover__image-background wp-image-39 size-large\" alt=\"\" src=\"https:\/\/evanolke.dk\/wp-content\/uploads\/2026\/04\/Eva-Noelke-Vesterhavet-1024x683.png\" data-object-fit=\"cover\" srcset=\"https:\/\/evanolke.dk\/wp-content\/uploads\/2026\/04\/Eva-Noelke-Vesterhavet-1024x683.png 1024w, https:\/\/evanolke.dk\/wp-content\/uploads\/2026\/04\/Eva-Noelke-Vesterhavet-300x200.png 300w, https:\/\/evanolke.dk\/wp-content\/uploads\/2026\/04\/Eva-Noelke-Vesterhavet-768x512.png 768w, https:\/\/evanolke.dk\/wp-content\/uploads\/2026\/04\/Eva-Noelke-Vesterhavet.png 1536w\" sizes=\"auto, (max-width: 1024px) 100vw, 1024px\" \/><span aria-hidden=\"true\" class=\"wp-block-cover__background has-background-dim-0 has-background-dim\" style=\"background-color:#b4a7ab\"><\/span><div class=\"wp-block-cover__inner-container is-layout-flow wp-block-cover-is-layout-flow\">\n<div style=\"height:var(--wp--preset--spacing--20)\" aria-hidden=\"true\" class=\"wp-block-spacer\"><\/div>\n<\/div><\/div>\n<\/div>\n\n\n\n<div class=\"wp-block-column is-vertically-aligned-center is-layout-flow wp-block-column-is-layout-flow\" style=\"padding-top:var(--wp--preset--spacing--60);padding-right:var(--wp--preset--spacing--60);padding-bottom:var(--wp--preset--spacing--60);padding-left:var(--wp--preset--spacing--60)\">\n<h2 class=\"wp-block-heading has-xx-large-font-size\">Den levende fort\u00e6lling<\/h2>\n\n\n\n<p>Et liv, der ikke blev, som forventet<br>&#8211; men som fandt sin egen vej<\/p>\n<\/div>\n<\/div>\n<\/div>\n\n\n\n<section class=\"eva-narrow\">\n  <p class=\"eva-lead\">\n    Jeg st\u00e5r ikke her, fordi jeg planlagde det.<br>\n    Jeg st\u00e5r her, fordi livet tog en drejning, jeg ikke havde forventet.\n  <\/p>\n<\/section>\n\n\n\n<section class=\"eva-narrow\">\n  <p>\n    Jeg er uddannet biolog og har arbejdet som b\u00e5de forsker og gymnasiel\u00e6rer.\n    Jeg har v\u00e6ret vant til at forst\u00e5 verden gennem viden, struktur og forklaringer.\n  <\/p>\n\n  <p>\n    Men der kom et tidspunkt, hvor det ikke var nok.\n  <\/p>\n\n  <p>\n    Jeg blev ramt af stress.<br>\n    Og det blev ikke bare en periode, der gik over.\n  <\/p>\n\n  <p class=\"eva-highlight\">\n    Det blev et vendepunkt.\n  <\/p>\n\n  <p>\n    Ikke noget, jeg valgte.<br>\n    Men noget, jeg m\u00e5tte igennem.\n  <\/p>\n\n  <p>\n    Derfra begyndte en anden form for rejse.\n    Ikke \u00e9n, man kan planl\u00e6gge sig ud af.\n    Men \u00e9n, hvor man langsomt m\u00e5 finde fodf\u00e6ste igen.\n  <\/p>\n\n  <p class=\"eva-muted\">\n    Skridt for skridt.\n  <\/p>\n<\/section>\n\n\n\n<section class=\"eva-narrow eva-section-soft\">\n  <h2>At finde en ny vej<\/h2>\n\n  <p>\n    Der var en periode, hvor meget blev nulstillet.\n  <\/p>\n\n  <p>\n    Ikke p\u00e5 en m\u00e5de, jeg selv havde valgt.\n    Men p\u00e5 en m\u00e5de, der \u00e5bnede noget nyt.\n  <\/p>\n\n  <p>\n    Jeg begyndte at bev\u00e6ge mig i en retning med mere plads.\n    Mere ro.\n    Mere \u00e6rlighed.\n  <\/p>\n<\/section>\n\n\n\n<section class=\"eva-narrow\">\n  <p>\n    Jeg har skrevet i mange \u00e5r, og i 2003 vandt jeg Jyllands-Postens novellekonkurrence med\n    <em>En tur til Malm\u00f6<\/em>. Senere blev den en del af min novellesamling fra 2020.\n  <\/p>\n\n  <p>\n    Skrivningen har altid v\u00e6ret en m\u00e5de for mig at forst\u00e5 det menneskelige p\u00e5.\n    Det, der ikke n\u00f8dvendigvis kan forklares, men som kan m\u00e6rkes.\n  <\/p>\n\n  <p>\n    Samtidig har jeg bev\u00e6get mig ind i det mere sansende og kropslige.\n  <\/p>\n\n  <p>\n    Jeg er Reiki Mester inden for Gendai Reiki Ho og under uddannelse til tapping-terapeut hos\n    Institut for Psykosomatik og F\u00f8lelsesforl\u00f8sning.\n  <\/p>\n\n  <p class=\"eva-muted\">\n    Ikke som et skift v\u00e6k fra det, jeg var.<br>\n    Men som en udvidelse.\n  <\/p>\n<\/section>\n\n\n\n<section class=\"eva-narrow eva-section-soft\">\n  <h2>Rejsen \u2013 b\u00e5de ude og inde<\/h2>\n\n  <p>\n    Noget af det, der er begyndt at fylde igen, er rejsen.\n  <\/p>\n\n  <p>\n    Jeg har tidligere v\u00e6ret i 45 lande.\n    Men i mange \u00e5r stod det stille.\n  <\/p>\n\n  <p>\n    For nylig var jeg i Frankrig med min familie.\n    Et sted, jeg boede som barn.\n  <\/p>\n\n  <p class=\"eva-highlight\">\n    Og noget i mig faldt p\u00e5 plads der.\n  <\/p>\n\n  <p>\n    Jeg rejser i mikrocamper. Sm\u00e5t og enkelt.\n  <\/p>\n\n  <p class=\"eva-muted\">\n    Det er ikke bare for at komme v\u00e6k.<br>\n    Det er for at komme t\u00e6ttere p\u00e5.\n  <\/p>\n<\/section>\n\n\n\n<section class=\"eva-narrow\">\n  <h2>Et liv i bev\u00e6gelse<\/h2>\n\n  <p>\n    Jeg st\u00e5r et sted i livet nu, hvor meget er \u00e5bent.\n  <\/p>\n\n  <p>\n    Det er ikke altid nemt.\n    Men det er \u00e6rligt.\n  <\/p>\n\n  <p>\n    Jeg har ikke travlt med at n\u00e5 frem til noget bestemt.\n    Jeg er mere optaget af at v\u00e6re i bev\u00e6gelsen.\n  <\/p>\n<\/section>\n\n\n\n<section class=\"eva-narrow eva-section-soft\">\n  <h2>F\u00e6llesskab og det at blive m\u00f8dt<\/h2>\n\n  <p>\n    Jeg har i en periode v\u00e6ret frivillig gruppeleder i samtalegrupper for ensomme.\n  <\/p>\n\n  <p>\n    Det har betydet meget for mig.\n  <\/p>\n\n  <p class=\"eva-muted\">\n    For nogle gange er det vigtigste ikke at f\u00e5 svar.<br>\n    Men at blive m\u00f8dt.\n  <\/p>\n<\/section>\n\n\n\n<section class=\"eva-narrow eva-ending\">\n  <h2>N\u00e5r det hele samler sig<\/h2>\n\n  <p>\n    N\u00e5r jeg ser tilbage, h\u00e6nger det hele sammen.\n  <\/p>\n\n  <p>\n    Biologien.<br>\n    Skrivningen.<br>\n    Det, jeg har v\u00e6ret igennem.<br>\n    Og det, jeg er i gang med nu.\n  <\/p>\n\n  <p>\n    Det er ikke forskellige liv.<br>\n    Det er det samme liv, der har foldet sig ud.\n  <\/p>\n\n  <p>\n    M\u00e5ske er det f\u00f8rst, n\u00e5r man giver slip p\u00e5 forestillingen om, hvordan livet skulle have set ud,\n    at man begynder at se, hvad det faktisk er blevet.\n  <\/p>\n\n  <p>\n    Ikke som en f\u00e6rdig fort\u00e6lling.\n    Men som noget, der stadig er i bev\u00e6gelse.\n  <\/p>\n\n  <p>\n    Og m\u00e5ske er det netop d\u00e9r,\n    midt i det uafsluttede,\n    at noget falder p\u00e5 plads.\n  <\/p>\n\n  <p class=\"eva-home\">\n    <em><strong>At man finder hjem<\/strong><\/em>\n  <\/p>\n<\/section>\n","protected":false},"excerpt":{"rendered":"<p>Den levende fort\u00e6lling Et liv, der ikke blev, som forventet&#8211; men som fandt sin egen vej Jeg st\u00e5r ikke her, fordi jeg planlagde det. Jeg st\u00e5r her, fordi livet tog en drejning, jeg ikke havde forventet. Jeg er uddannet biolog og har arbejdet som b\u00e5de forsker og gymnasiel\u00e6rer. Jeg har v\u00e6ret vant til at forst\u00e5 [&hellip;]<\/p>\n","protected":false},"author":1,"featured_media":0,"parent":0,"menu_order":0,"comment_status":"closed","ping_status":"closed","template":"","meta":{"footnotes":""},"class_list":["post-6","page","type-page","status-publish","hentry"],"_links":{"self":[{"href":"https:\/\/evanolke.dk\/index.php\/wp-json\/wp\/v2\/pages\/6","targetHints":{"allow":["GET"]}}],"collection":[{"href":"https:\/\/evanolke.dk\/index.php\/wp-json\/wp\/v2\/pages"}],"about":[{"href":"https:\/\/evanolke.dk\/index.php\/wp-json\/wp\/v2\/types\/page"}],"author":[{"embeddable":true,"href":"https:\/\/evanolke.dk\/index.php\/wp-json\/wp\/v2\/users\/1"}],"replies":[{"embeddable":true,"href":"https:\/\/evanolke.dk\/index.php\/wp-json\/wp\/v2\/comments?post=6"}],"version-history":[{"count":12,"href":"https:\/\/evanolke.dk\/index.php\/wp-json\/wp\/v2\/pages\/6\/revisions"}],"predecessor-version":[{"id":57,"href":"https:\/\/evanolke.dk\/index.php\/wp-json\/wp\/v2\/pages\/6\/revisions\/57"}],"wp:attachment":[{"href":"https:\/\/evanolke.dk\/index.php\/wp-json\/wp\/v2\/media?parent=6"}],"curies":[{"name":"wp","href":"https:\/\/api.w.org\/{rel}","templated":true}]}}